{"id":2061,"date":"2022-03-08T16:32:31","date_gmt":"2022-03-08T16:32:31","guid":{"rendered":"https:\/\/mejoraburo.com.mx\/tbla\/?page_id=2061"},"modified":"2023-09-05T16:21:58","modified_gmt":"2023-09-05T16:21:58","slug":"terminos-y-condiciones","status":"publish","type":"page","link":"https:\/\/mejoraburo.com.mx\/tbla\/terminos-y-condiciones\/","title":{"rendered":"T\u00e9rminos y condiciones"},"content":{"rendered":"<section class=\"kc-elm kc-css-415488 kc_row\"><div class=\"kc-row-container  kc-container\"><div class=\"kc-wrap-columns\"><div class=\"kc-elm kc-css-853397 kc_col-sm-2 kc_column kc_col-sm-2\"><div class=\"kc-col-container\"><\/div><\/div><div class=\"kc-elm kc-css-390835 kc_col-sm-8 kc_column kc_col-sm-8\"><div class=\"kc-col-container\">\n<div class=\"kc-elm kc-css-929742 kc-title-wrap \">\n\n\t<h1 class=\"kc_title\">AVISO LEGAL: T\u00c9RMINOS Y CONDICIONES DEL USO DEL SITIO<\/h1>\n<\/div>\n<div class=\"kc-elm kc-css-593884 kc_text_block\"><\/p>\n<p>Este aviso legal describe los t\u00e9rminos y condiciones generales (los &#8220;T\u00e9rminos y Condiciones Generales\") aplicables al uso de los servicios ofrecidos por Baui Solutions S.A. de C.V (&#8220;los Servicios\") dentro del sitio <a href=\"https:\/\/mejoraburo.com.mx\/tbla\/\">https:\/\/mejoraburo.com.mx\/tbla\/<\/a> (el &#8220;Sitio\"), ser\u00e1n referidos en el Sitio y en este aviso legal de t\u00e9rminos y condiciones generales, indistintamente como Mejora Bur\u00f3. Cualquier persona que desee acceder y\/o usar el sitio o los servicios podr\u00e1 hacerlo sujet\u00e1ndose a los T\u00e9rminos y Condiciones Generales, junto con todas las dem\u00e1s pol\u00edticas y principios que rigen Mejora Bur\u00f3 y que son incorporados al presente por referencia.<\/p>\n<p>CUALQUIER PERSONA QUE NO ACEPTE ESTOS T\u00c9RMINOS Y CONDICIONES GENERALES, LOS CUALES TIENEN UN CAR\u00c1CTER OBLIGATORIO Y VINCULANTE, DEBER\u00c1 ABSTENERSE DE UTILIZAR EL SITIO Y\/O LOS SERVICIOS.<\/p>\n<p>El Usuario debe leer, entender y aceptar todas las condiciones establecidas en este aviso legal con los t\u00e9rminos y condiciones generales y en el Aviso de Privacidad as\u00ed como en los dem\u00e1s documentos incorporados a los mismos por referencia, previo a su inscripci\u00f3n como Usuario de Mejora Bur\u00f3.<\/p>\n<p><b>A. LEGITIMACI\u00d3N<\/b> Los Servicios s\u00f3lo est\u00e1n disponibles para personas que tengan capacidad legal para contratar. No podr\u00e1n utilizar los servicios las personas que no tengan esa caracter\u00edstica, los menores de edad o Usuarios de Mejora Bur\u00f3 que hayan sido suspendidos temporalmente o inhabilitados definitivamente. Si est\u00e1s inscribiendo un Usuario como Empresa, debes tener capacidad para contratar a nombre de tal entidad y de obligar a la misma en los t\u00e9rminos de este Acuerdo y estar legitimados con facultades de representaci\u00f3n legal para actos de administraci\u00f3n, en los t\u00e9rminos del segundo p\u00e1rrafo del art\u00edculo 2554 del C\u00f3digo Civil Federal, en relaci\u00f3n con el art\u00edculo 2\u00b0 del C\u00f3digo de Comercio, otorgado ante fedatario p\u00fablico, aunque no se encuentre inscrito en el Registro P\u00fablico de Comercio en los t\u00e9rminos del art\u00edculo 21, fracci\u00f3n VII del citado C\u00f3digo de Comercio.<\/p>\n<p><b>B. DATOS PERSONALES<\/b> Es obligatorio completar el formulario de inscripci\u00f3n en todos sus campos con datos personales v\u00e1lidos para poder utilizar los servicios que brinda Mejora Bur\u00f3. El futuro Usuario deber\u00e1 completarlo con su informaci\u00f3n personal de manera exacta, precisa y verdadera (&#8220;Datos Personales\") y asume el compromiso de actualizar los Datos Personales conforme resulte necesario. Mejora Bur\u00f3 podr\u00e1 utilizar diversos medios para identificar a sus Usuarios, pero Mejora Bur\u00f3 NO se responsabiliza por la certeza de los Datos Personales provistos por sus Usuarios. Los Usuarios garantizan y responden, en cualquier caso, de la veracidad, exactitud, vigencia y autenticidad de los Datos Personales ingresados. Mejora Bur\u00f3 se reserva el derecho de solicitar alg\u00fan comprobante y\/o dato adicional a efectos de corroborar los Datos Personales, as\u00ed como de suspender temporal o definitivamente a aquellos Usuarios cuyos datos no hayan podido ser confirmados.<\/p>\n<p>En caso que aplique, el Usuario podr\u00e1 acceder a su cuenta personal (&#8220;Cuenta\") mediante el ingreso de su clave y contrase\u00f1a elegida (&#8220;Clave de Seguridad\"). El Usuario se obliga a mantener la confidencialidad de su Clave de Seguridad. La Cuenta es personal, \u00fanica e intransferible, y est\u00e1 prohibido que un mismo Usuario se inscriba o posea m\u00e1s de una Cuenta. En caso que Mejora Bur\u00f3 detecte distintas Cuentas que contengan datos coincidentes o relacionados, podr\u00e1 cancelar, suspender o inhabilitarlas.<\/p>\n<p>El Usuario ser\u00e1 responsable por todas las operaciones efectuadas en su Cuenta, pues el acceso a la misma est\u00e1 restringido al ingreso y uso de su Clave de Seguridad, de conocimiento exclusivo del Usuario. El Usuario se compromete a notificar a Mejora Bur\u00f3 en forma inmediata y por medio id\u00f3neo y fehaciente, cualquier uso no autorizado de su Cuenta, as\u00ed como el ingreso por terceros no autorizados a la misma. Se aclara que est\u00e1 prohibida la venta, cesi\u00f3n o transferencia de la Cuenta (incluyendo la reputaci\u00f3n y calificaciones) bajo ning\u00fan t\u00edtulo.<\/p>\n<p>Mejora Bur\u00f3 se reserva el derecho de rechazar cualquier solicitud de inscripci\u00f3n o de cancelar una inscripci\u00f3n previamente aceptada, sin que est\u00e9 obligado a comunicar o exponer las razones de su decisi\u00f3n y sin que ello genere alg\u00fan derecho a indemnizaci\u00f3n o resarcimiento.<\/p>\n<p>No obstante en caso de que la aplicaci\u00f3n sea rechazada por causas imputables al Usuario, Mejora Bur\u00f3 podr\u00e1 mostrarles otras opciones que se ajusten a su capacidad de pago con la finalidad de facilitar el acceso al cr\u00e9dito, sin que esto signifique obligaci\u00f3n por parte del solicitante de aceptar dichas opciones.<\/p>\n<p><b>C. MODIFICACIONES<\/b> Mejora Bur\u00f3 podr\u00e1 modificar los T\u00e9rminos y Condiciones Generales de este Aviso Legal en cualquier momento haciendo p\u00fablicos en el Sitio los t\u00e9rminos modificados. Todos los t\u00e9rminos modificados entrar\u00e1n en vigor a los 10 (diez) d\u00edas de su publicaci\u00f3n. Dentro de los 5 (cinco) d\u00edas siguientes a la publicaci\u00f3n de las modificaciones introducidas, el Usuario deber\u00e1 comunicar por e-mail si no acepta las mismas; en ese caso quedar\u00e1 disuelto el v\u00ednculo contractual y ser\u00e1 inhabilitado como Usuario siempre que no tenga deudas pendientes. Vencido este plazo, se considerar\u00e1 que el Usuario acepta los nuevos t\u00e9rminos y el contrato continuar\u00e1 vinculando a ambas partes.<\/p>\n<p><b>D. PRIVACIDAD DE LA INFORMACI\u00d3N<\/b> Para utilizar los Servicios ofrecidos por Mejora Bur\u00f3, los Usuarios deber\u00e1n facilitar determinados datos de car\u00e1cter personal. Su informaci\u00f3n personal se procesa y almacena en servidores o medios magn\u00e9ticos que mantienen altos est\u00e1ndares de seguridad y protecci\u00f3n tanto f\u00edsica como tecnol\u00f3gica. Para mayor informaci\u00f3n sobre la privacidad de los Datos Personales y casos en los que ser\u00e1 revelada la informaci\u00f3n personal, se puede consultar nuestro Aviso de Privacidad.<\/p>\n<p><b>E. VIOLACIONES DEL SISTEMA O BASES DE DATOS<\/b> No est\u00e1 permitida ninguna acci\u00f3n o uso de dispositivo, software, u otro medio tendiente a interferir tanto en las actividades y operatoria de Mejora Bur\u00f3 como en la base de datos. Cualquier intromisi\u00f3n, tentativa o actividad violatoria o contraria a las leyes sobre derecho de propiedad intelectual y\/o a las prohibiciones estipuladas en este contrato har\u00e1n pasible a su responsable de las acciones legales pertinentes, y a las sanciones previstas por este acuerdo, as\u00ed como lo har\u00e1 responsable de indemnizar los da\u00f1os ocasionados.<\/p>\n<p><b>F. SANCIONES. SUSPENSI\u00d3N DE OPERACIONES<\/b> Sin perjuicio de otras medidas, Mejora Bur\u00f3 podr\u00e1 advertir, suspender en forma temporal o inhabilitar definitivamente la Cuenta de un Usuario o una publicaci\u00f3n, aplicar una sanci\u00f3n que impacte negativamente en la reputaci\u00f3n de un Usuario, iniciar las acciones que estime pertinentes y\/o suspender la prestaci\u00f3n de sus Servicios si: (a) se quebrantara alguna ley, o cualquiera de las estipulaciones de los T\u00e9rminos y Condiciones Generales y dem\u00e1s pol\u00edticas de Mejora Bur\u00f3; (b) si incumpliera sus compromisos como Usuario; (c) si se incurriera a criterio de Mejora Bur\u00f3 en conductas o actos dolosos o fraudulentos; (d) no pudiera verificarse la identidad del Usuario o cualquier informaci\u00f3n proporcionada por el mismo fuere err\u00f3nea; (e) Mejora Bur\u00f3 entendiera que las publicaciones u otras acciones pueden ser causa de responsabilidad para el Usuario que las public\u00f3.<\/p>\n<p><b>G. RESPONSABILIDAD<\/b> Mejora Bur\u00f3 recomienda actuar con prudencia y sentido com\u00fan al momento de realizar operaciones con otros Usuarios. El Usuario debe tener presente adem\u00e1s, los riesgos de contratar con menores o con personas que se valgan de una identidad falsa.<\/p>\n<p>En caso que uno o m\u00e1s Usuarios o alg\u00fan tercero inicien cualquier tipo de reclamo o acciones legales contra otro u otros Usuarios, todos y cada uno de los Usuarios involucrados en dichos reclamos o acciones eximen de toda responsabilidad a Mejora Bur\u00f3 y a sus directores, gerentes, empleados, agentes, operarios, representantes y apoderados.<\/p>\n<p><b>H. FALLAS EN EL SISTEMA<\/b> Mejora Bur\u00f3 no se responsabiliza por cualquier da\u00f1o, perjuicio o p\u00e9rdida al Usuario causados por fallas en el sistema, en el servidor o en Internet. Mejora Bur\u00f3 tampoco ser\u00e1 responsable por cualquier virus que pudiera infectar el equipo del Usuario como consecuencia del acceso, uso o examen de su sitio web o a ra\u00edz de cualquier transferencia de datos, archivos, im\u00e1genes, textos, o audio contenidos en el mismo, as\u00ed como cualquier otra informaci\u00f3n enviada con el uso de medios electr\u00f3nicos. Los Usuarios NO podr\u00e1n imputar responsabilidad alguna ni exigir pago por lucro cesante, en virtud de perjuicios resultantes de dificultades t\u00e9cnicas o fallas en los sistemas o en Internet. Mejora Bur\u00f3 no garantiza el acceso y uso continuado o ininterrumpido de su sitio. El sistema puede eventualmente no estar disponible debido a dificultades t\u00e9cnicas o fallas de Internet, o por cualquier otra circunstancia ajena a Mejora Bur\u00f3; en tales casos se proMejorar\u00e1 restablecerlo con la mayor celeridad posible sin que por ello pueda imputarse alg\u00fan tipo de responsabilidad. Mejora Bur\u00f3 no ser\u00e1 responsable por ning\u00fan error u omisi\u00f3n de contenidos en su sitio web.<\/p>\n<p><b>I. VERIFICACI\u00d3N DE IDENTIDAD<\/b> Debido a que la verificaci\u00f3n de la identidad de los Usuarios en Internet es dif\u00edcil, Mejora Bur\u00f3 no puede confirmar, ni confirma la identidad pretendida de cada Usuario. Por ello el Usuario cuenta con un sistema de informaci\u00f3n de Usuarios que es actualizado peri\u00f3dicamente en base a datos vinculados con su actividad en el sitio y a los comentarios ingresados por los Usuarios seg\u00fan las operaciones que hayan realizado. Este sistema de informaci\u00f3n, adem\u00e1s constar\u00e1 de un espacio donde los Usuarios podr\u00e1n hacer comentarios y r\u00e9plicas a las calificaciones recibidas y acceder a los mismos. Dichos comentarios ser\u00e1n incluidos bajo exclusiva responsabilidad de los Usuarios que los emitan.<\/p>\n<p>En virtud que las verificaciones de identidad, comentarios y r\u00e9plicas son realizados por los Usuarios y por consecuencia son datos personales, \u00e9stos ser\u00e1n incluidos bajo exclusiva responsabilidad de los Usuarios que los emitan.<\/p>\n<p><b>J. PROPIEDAD INTELECTUAL.<\/b> Los contenidos de las pantallas relativas a los servicios de Mejora Bur\u00f3 como as\u00ed tambi\u00e9n los programas, bases de datos, redes, archivos que permiten al Usuario acceder y usar su Cuenta, son de la titularidad y propiedad de Mejora Bur\u00f3 y por consecuencia est\u00e1n protegidas por las normas internacionales de derecho de autor, marcas, patentes, modelos y dise\u00f1os industriales. El uso indebido y la reproducci\u00f3n total o parcial de dichos contenidos quedan prohibidos, salvo autorizaci\u00f3n expresa y por escrito de Mejora Bur\u00f3.<\/p>\n<p><b>K. INDEMNIZACI\u00d3N<\/b> El Usuario indemnizar\u00e1 y mantendr\u00e1 indemne a Mejora Bur\u00f3, sus filiales, empresas controladas y\/o controlantes, directivos, administradores, representantes y empleados, por cualquier reclamo o demanda de otros Usuarios o terceros por sus actividades en el Sitio o por su incumplimiento los T\u00e9rminos y Condiciones Generales y dem\u00e1s Pol\u00edticas que se entienden incorporadas al presente o por la violaci\u00f3n de cualesquiera leyes o derechos de terceros, incluyendo los honorarios de abogados en una cantidad razonable.<\/p>\n<p><b>L. JURISDICCI\u00d3N Y LEY APLICABLE<\/b> Este aviso legal estar\u00e1 regido en todos sus puntos por las leyes vigentes en la Rep\u00fablica Mexicana, en particular respecto de mensajes de datos, contrataci\u00f3n electr\u00f3nica y comercio electr\u00f3nico se regir\u00e1 por lo dispuesto por la legislaci\u00f3n federal respectiva. Cualquier controversia derivada del presente acuerdo, su existencia, validez, interpretaci\u00f3n, alcance o cumplimiento, ser\u00e1 sometida a las leyes aplicables y a los Tribunales competentes.<\/p>\n<p>Para la interpretaci\u00f3n, cumplimiento y ejecuci\u00f3n del presente contrato, las partes expresamente se someten a la jurisdicci\u00f3n de los tribunales federales competentes de la Ciudad de M\u00e9xico, Ciudad de M\u00e9xico, renunciando en consecuencia a cualquier fuero que en raz\u00f3n de su domicilio presente o futuro pudiera corresponderles.<\/p>\n<p><span style=\"font-style: inherit;\">Fecha de \u00faltima actualizaci\u00f3n: 05 de Agosto de 2023<\/span>.<\/p>\n<p>\n<\/div><\/div><\/div><div class=\"kc-elm kc-css-692958 kc_col-sm-2 kc_column kc_col-sm-2\"><div class=\"kc-col-container\"><\/div><\/div><\/div><\/div><\/section>\n","protected":false},"excerpt":{"rendered":"","protected":false},"author":1,"featured_media":0,"parent":0,"menu_order":0,"comment_status":"closed","ping_status":"closed","template":"page-templates\/full-width.php","meta":{"footnotes":""},"class_list":["post-2061","page","type-page","status-publish","hentry"],"_links":{"self":[{"href":"https:\/\/mejoraburo.com.mx\/tbla\/wp-json\/wp\/v2\/pages\/2061","targetHints":{"allow":["GET"]}}],"collection":[{"href":"https:\/\/mejoraburo.com.mx\/tbla\/wp-json\/wp\/v2\/pages"}],"about":[{"href":"https:\/\/mejoraburo.com.mx\/tbla\/wp-json\/wp\/v2\/types\/page"}],"author":[{"embeddable":true,"href":"https:\/\/mejoraburo.com.mx\/tbla\/wp-json\/wp\/v2\/users\/1"}],"replies":[{"embeddable":true,"href":"https:\/\/mejoraburo.com.mx\/tbla\/wp-json\/wp\/v2\/comments?post=2061"}],"version-history":[{"count":2,"href":"https:\/\/mejoraburo.com.mx\/tbla\/wp-json\/wp\/v2\/pages\/2061\/revisions"}],"predecessor-version":[{"id":3615,"href":"https:\/\/mejoraburo.com.mx\/tbla\/wp-json\/wp\/v2\/pages\/2061\/revisions\/3615"}],"wp:attachment":[{"href":"https:\/\/mejoraburo.com.mx\/tbla\/wp-json\/wp\/v2\/media?parent=2061"}],"curies":[{"name":"wp","href":"https:\/\/api.w.org\/{rel}","templated":true}]}}