{"id":2053,"date":"2022-03-08T15:58:21","date_gmt":"2022-03-08T15:58:21","guid":{"rendered":"https:\/\/mejoraburo.com.mx\/tbla\/?page_id=2053"},"modified":"2023-03-17T15:40:11","modified_gmt":"2023-03-17T15:40:11","slug":"aviso-de-privacidad","status":"publish","type":"page","link":"https:\/\/mejoraburo.com.mx\/tbla\/aviso-de-privacidad\/","title":{"rendered":"Aviso de privacidad"},"content":{"rendered":"<section class=\"kc-elm kc-css-758579 kc_row\"><div class=\"kc-row-container  kc-container\"><div class=\"kc-wrap-columns\"><div class=\"kc-elm kc-css-916028 kc_col-sm-2 kc_column kc_col-sm-2\"><div class=\"kc-col-container\"><\/div><\/div><div class=\"kc-elm kc-css-615832 kc_col-sm-8 kc_column kc_col-sm-8\"><div class=\"kc-col-container\">\n<div class=\"kc-elm kc-css-210660 kc-title-wrap \">\n\n\t<h1 class=\"kc_title\">AVISO DE PRIVACIDAD<\/h1>\n<\/div>\n<div class=\"kc-elm kc-css-372597 kc_text_block\"><\/p>\n<p>Baui Solutions S.A. de C.V. (en lo sucesivo Mejora Bur\u00f3) con domicilio en Calle Bahia de Sta. Barbara 177, Ver\u00f3nica Anz\u00fares, Miguel Hidalgo, 11300 Ciudad de M\u00e9xico, CDMX<\/p>\n<p>A todos nuestros Clientes:<\/p>\n<p>El presente Aviso de Privacidad tiene como fin primordial dar cumplimiento a lo establecido por la Ley Federal de Protecci\u00f3n de Datos Personales en Posesi\u00f3n de los Particulares (en adelante la \u201cLey\u201d).<\/p>\n<p>\n<\/div>\n<div class=\"kc-elm kc-css-277659 kc-title-wrap \">\n\n\t<h4 class=\"kc_title\">FINALIDAD DEL TRATAMIENTO DE DATOS<\/h4>\n<\/div>\n<div class=\"kc-elm kc-css-229345 kc_text_block\"><\/p>\n<p>Mejora Bur\u00f3 solicita los datos personales de sus Clientes con la finalidad de: (i) identificarlos, (ii) poder celebrar Contratos, (iii) informarles sobre el estatus de las obligaciones contra\u00eddas a trav\u00e9s de los Contratos celebrados, (iv) realizar requerimientos de pago, (v) ceder o enajenar los derechos que a su favor se deriven de los Contratos que se hubieren celebrado, (vi) otorgarles informaci\u00f3n relacionada con los Contratos celebrados, (vii) ofrecerles los diferentes productos y\/o servicios que tenemos a su disposici\u00f3n, (viii) consulta y verificaci\u00f3n de los datos e informaci\u00f3n otorgada por el Cliente, y (ix) para fines mercadot\u00e9cnicos, publicitarios y de prospecci\u00f3n comercial relacionados a Mejora Bur\u00f3. Igualmente se informa a los Clientes que las finalidades que dieron origen a la existencia de la relaci\u00f3n jur\u00eddica son las enunciadas en los incisos (i) y (ii) y aquellas que servir\u00e1n al mantenimiento y\/o cumplimiento de las obligaciones que se derivan de la relaci\u00f3n jur\u00eddica ser\u00e1n las contenidas en los incisos (iii), (iv), (v), (vi), (vii), (viii), (ix).<\/p>\n<p>Asimismo a trav\u00e9s del presente Aviso de Privacidad, Mejora Bur\u00f3 garantiza el derecho de sus Clientes para manifestar su negativa para el tratamiento de sus datos personales con relaci\u00f3n a las finalidades antes enunciadas y aquellas que el Cliente considere que no son necesarias para la relaci\u00f3n jur\u00eddica, para lo cual, el Cliente deber\u00e1 informar a Mejora Bur\u00f3 sobre su negativa al momento en que Mejora Bur\u00f3 le ponga a su disposici\u00f3n el presente Aviso de Privacidad, entendi\u00e9ndose que la firma del mismo es se\u00f1al de conformidad del Cliente, sin perjuicio de su derecho para revocar el consentimiento que previamente hubiere otorgado o bien para ejercer su derecho a oponerse al tratamiento de sus datos en t\u00e9rminos de las disposiciones aplicables, derechos que en todo caso ser\u00e1n garantizados por Mejora Bur\u00f3.<\/p>\n<p>\n<\/div>\n<div class=\"kc-elm kc-css-372868 kc-title-wrap \">\n\n\t<h4 class=\"kc_title\">OBTENCI\u00d3N Y TRATAMIENTO DE LOS DATOS PERSONALES. <\/h4>\n<\/div>\n<div class=\"kc-elm kc-css-592750 kc_text_block\"><\/p>\n<p>Mejora Bur\u00f3 recaba los datos de sus Clientes (i) de manera personal, (ii) por cualquier otro medio permitido por la Ley, incluida la grabaci\u00f3n de llamadas telef\u00f3nicas a las oficinas de <a href=\"https:\/\/mejoraburo.com.mx\/tbla\/\">Mejora Bur\u00f3<\/a>. Los datos que Mejora Bur\u00f3 recaba de sus Clientes son tratados a trav\u00e9s de medios t\u00e9cnicos, administrativos y digitales adecuados que permiten proteger su informaci\u00f3n. Los datos de los Clientes de Mejora Bur\u00f3 reciben un tratamiento secreto y confidencial por parte de Mejora Bur\u00f3, quien adopta para tal efecto las medidas necesarias para evitar su alteraci\u00f3n, p\u00e9rdida, tratamiento o acceso no autorizado.<\/p>\n<p>Por su parte, el Cliente declara que sus datos son exactos, aut\u00e9nticos y completos y son responsabilidad del Cliente que los proporciona, por lo que se libera a Mejora Bur\u00f3 de cualquier responsabilidad relacionada al respecto. Los datos que los Clientes libre y voluntariamente proporcionan a Mejora Bur\u00f3, incluyen: datos de identificaci\u00f3n, datos laborales, datos patrimoniales, actividad a la que se dedican.<\/p>\n<p>\n<\/div>\n<div class=\"kc-elm kc-css-977685 kc-title-wrap \">\n\n\t<h4 class=\"kc_title\">EJERCICIO DE LOS DERECHOS DE ACCESO, RECTIFICACI\u00d3N, CANCELACI\u00d3N U OPOSICI\u00d3N (DERECHOS ARCO). <\/h4>\n<\/div>\n<div class=\"kc-elm kc-css-196114 kc_text_block\"><\/p>\n<p>Los Clientes ser\u00e1n responsables de la exactitud, veracidad, autenticidad y vigencia de sus datos. Los Clientes de Mejora Bur\u00f3 tienen el derecho de (i) acceder a los datos personales que les fueron recabados, (ii) a rectificar sus datos, en caso de ser estos inexactos o incompletos, (iii) a cancelar sus datos cuando a su consideraci\u00f3n no son necesarios para alguna de las finalidades se\u00f1aladas en el presente Aviso de Privacidad, y legalmente sea procedente, y (iv) a oponerse al tratamiento de dichos datos, en t\u00e9rminos de la Ley y las disposiciones aplicables en la materia.<\/p>\n<p>\n<\/div>\n<div class=\"kc-elm kc-css-350150 kc-title-wrap \">\n\n\t<h4 class=\"kc_title\">REVOCACI\u00d3N DEL CONSENTIMIENTO.<\/h4>\n<\/div>\n<div class=\"kc-elm kc-css-299478 kc_text_block\"><\/p>\n<p>En cualquier momento el Cliente podr\u00e1 informar a Mejora Bur\u00f3 su determinaci\u00f3n de revocar el consentimiento que previamente se hubiere otorgado para el tratamiento de los datos personales de acuerdo con las finalidades descritas en el presente Aviso de Privacidad, a fin de que Mejora Bur\u00f3 deje de hacer uso de los mismos y siempre y cuando el consentimiento que se pretenda revocar no derive de una relaci\u00f3n jur\u00eddica contractual u operaci\u00f3n pactada con Mejora Bur\u00f3, que la ley lo permita o que as\u00ed se hubiere pactado expresamente entre Mejora Bur\u00f3 y el Cliente. En todos los casos la revocaci\u00f3n del consentimiento no tendr\u00e1 efectos retroactivos. Los medios y el procedimiento para hacerlo efectivo se mencionan a continuaci\u00f3n.<\/p>\n<p>\n<\/div>\n<div class=\"kc-elm kc-css-486089 kc-title-wrap \">\n\n\t<h4 class=\"kc_title\">MEDIOS Y PROCEDIMIENTO PARA EL EJERCICIO DE LOS DERECHOS ARCO Y PARA LA REVOCACI\u00d3N DEL CONSENTIMIENTO.<\/h4>\n<\/div>\n<div class=\"kc-elm kc-css-764209 kc_text_block\"><\/p>\n<p>Los Clientes de Mejora Bur\u00f3 podr\u00e1n ejercer sus <a href=\"https:\/\/www.gob.mx\/cms\/uploads\/attachment\/file\/428335\/DDP_Gu_a_derechos_ARCO_13Dic18.pdf\">derechos ARCO<\/a> y revocar su consentimiento para el tratamiento de sus datos personales, a trav\u00e9s de la solicitud respectiva, que podr\u00e1 ser obtenida en forma gratuita en el domicilio de Mejora Bur\u00f3, la cual deber\u00e1 ser entregada al Director Jur\u00eddico de Mejora Bur\u00f3. Dicha solicitud indicar\u00e1 los requisitos y el procedimiento para el ejercicio de los derechos ARCO y\/o para la revocaci\u00f3n del consentimiento para el tratamiento de sus datos personales, que a continuaci\u00f3n se describe: Recibida la solicitud por el Director Jur\u00eddico de Mejora Bur\u00f3 debidamente requisitada y una vez que se acredite la identidad del Cliente (titular de los datos personales) o bien la representaci\u00f3n legal del mismo por medio de la identificaci\u00f3n oficial vigente y poder del representante legal (mismos que quedar\u00e1n adjuntos al expediente), se entregar\u00e1 un acuse de recibo al cliente. Una vez recibida la solicitud, Mejora Bur\u00f3 dar\u00e1 respuesta por escrito a la misma en el t\u00e9rmino de 20 (veinte) d\u00edas naturales. La respuesta se pondr\u00e1 a disposici\u00f3n del Cliente en el domicilio de Mejora Bur\u00f3 donde se hubiere presentado la solicitud, dentro del plazo antes se\u00f1alado. En caso de resultar procedente, Mejora Bur\u00f3 cumplir\u00e1 con lo solicitado dentro de los 15 (quince) d\u00edas naturales posteriores.<\/p>\n<p>\n<\/div>\n<div class=\"kc-elm kc-css-885502 kc-title-wrap \">\n\n\t<h4 class=\"kc_title\">LIMITACI\u00d3N DEL USO O DIVULGACI\u00d3N DE SUS DATOS PERSONALES.<\/h4>\n<\/div>\n<div class=\"kc-elm kc-css-107776 kc_text_block\"><\/p>\n<p>Cuando el tratamiento de sus datos personales no se refiera a aquellos necesarios para cumplir con una obligaci\u00f3n legal o contractual (cumplimiento de las obligaciones legales derivadas de la relaci\u00f3n jur\u00eddica existente entre el Cliente y Mejora Bur\u00f3), el Cliente tendr\u00e1 el derecho de solicitar a Mejora Bur\u00f3 la limitaci\u00f3n en el uso y\/o divulgaci\u00f3n de sus datos por medio de la solicitud que Mejora Bur\u00f3 le proporcionar\u00e1, para que en caso de resultar procedente Mejora Bur\u00f3 registre los datos personales del Cliente en los listados de exclusi\u00f3n dentro del t\u00e9rmino de 20 (veinte) d\u00edas naturales contados a partir de la presentaci\u00f3n de la solicitud respectiva.<\/p>\n<p>\n<\/div>\n<div class=\"kc-elm kc-css-337032 kc-title-wrap \">\n\n\t<h4 class=\"kc_title\">TRANSFERENCIA DE DATOS PERSONALES POR MEJORA BUR\u00d3.<\/h4>\n<\/div>\n<div class=\"kc-elm kc-css-929425 kc_text_block\"><\/p>\n<p>Mejora Bur\u00f3 utiliza los datos personales de sus Clientes exclusivamente para los fines se\u00f1alados en el presente Aviso de Privacidad y los conserva por el tiempo que las disposiciones legales se\u00f1alan. Mejora Bur\u00f3 \u00fanicamente comparte y\/o transfiere los datos personales de sus Clientes con terceros (i) cuando el Cliente contrata otro producto y\/o servicio a trav\u00e9s de Mejora Bur\u00f3, (ii) para efecto de cumplir con el apartado de Finalidad del Tratamiento de Datos de este aviso, (iii) cuando cedemos y\/o enajenamos la cartera de cr\u00e9ditos, (iv) para hacer requerimientos de pago respecto a pagos vencidos, (v) para la prestaci\u00f3n de servicios, (vi) para consulta y verificaci\u00f3n de los datos e informaci\u00f3n otorgada por el Cliente, (vii) cuando as\u00ed se requiera por disposici\u00f3n legal o por orden de autoridad competente debidamente fundada y motivada, y (viii) en los supuestos se\u00f1alados en el art\u00edculo 37 de la Ley. Fuera de los casos enunciados, usted tiene la confianza de que sus datos no ser\u00e1n transferidos a terceras personas sin su expreso consentimiento.<\/p>\n<p>En todo caso Mejora Bur\u00f3 garantiza que las finalidades del tratamiento de los datos personales del Cliente ser\u00e1n respetadas por los terceros receptores cuando se verifique alguna de las transferencias antes enunciadas. Los terceros receptores de los datos personales de los Clientes podr\u00e1n ser empresas que se dediquen o tengan un giro similar al de Mejora Bur\u00f3, entidades financieras (nacionales o extranjeras), y personas f\u00edsicas y morales que le presten servicios a Mejora Bur\u00f3.<\/p>\n<p>Las finalidades de las transferencias antes enunciadas perseguir\u00e1n (i) el cumplimiento de las disposiciones en materia de Datos Personales por parte de Mejora Bur\u00f3, (ii) el mantenimiento y\/o cumplimiento de las obligaciones y derechos contra\u00eddos por medio de los Contratos celebrados con los Clientes, (iii) protecci\u00f3n de los derechos de pago de Mejora Bur\u00f3, (iv) la garant\u00eda de cualquier derecho derivado de los contratos que celebre Mejora Bur\u00f3, y (v) protecci\u00f3n de los derechos de los Clientes y (vi) publicidad y promoci\u00f3n de los productos financieros que Mejora Bur\u00f3 ofrezca a sus Clientes.<\/p>\n<p><span style=\"font-style: inherit;\">En este acto, el Cliente manifiesta su conformidad para que Mejora Bur\u00f3 pueda llevar a cabo las transferencias en los supuestos antes enunciados, a los terceros receptores antes mencionados y por las finalidades enunciadas, por lo que firma de enterado y de conformidad el presente Aviso de Privacidad.<\/span><\/p>\n<p>\n<\/div>\n<div class=\"kc-elm kc-css-976156 kc-title-wrap \">\n\n\t<h4 class=\"kc_title\">COMUNICACI\u00d3N.<\/h4>\n<\/div>\n<div class=\"kc-elm kc-css-688373 kc_text_block\"><\/p>\n<p>Cualquier cambio y\/o modificaci\u00f3n total o parcial al presente Aviso de Privacidad se le dar\u00e1 a conocer directamente en el domicilio de <a href=\"https:\/\/mejoraburo.com.mx\/tbla\/\">Mejora Bur\u00f3<\/a>, as\u00ed como a trav\u00e9s de nuestro sitio en internet <a href=\"https:\/\/mejoraburo.com.mx\/tbla\/\">https:\/\/mejoraburo.com.mx\/tbla<\/a><\/p>\n<p>Fecha de \u00faltima actualizaci\u00f3n: 01 de julio de 2022<\/p>\n<p>\n<\/div><\/div><\/div><div class=\"kc-elm kc-css-627402 kc_col-sm-2 kc_column kc_col-sm-2\"><div class=\"kc-col-container\"><\/div><\/div><\/div><\/div><\/section>\n","protected":false},"excerpt":{"rendered":"","protected":false},"author":1,"featured_media":0,"parent":0,"menu_order":0,"comment_status":"closed","ping_status":"closed","template":"page-templates\/full-width.php","meta":{"footnotes":""},"class_list":["post-2053","page","type-page","status-publish","hentry"],"_links":{"self":[{"href":"https:\/\/mejoraburo.com.mx\/tbla\/wp-json\/wp\/v2\/pages\/2053","targetHints":{"allow":["GET"]}}],"collection":[{"href":"https:\/\/mejoraburo.com.mx\/tbla\/wp-json\/wp\/v2\/pages"}],"about":[{"href":"https:\/\/mejoraburo.com.mx\/tbla\/wp-json\/wp\/v2\/types\/page"}],"author":[{"embeddable":true,"href":"https:\/\/mejoraburo.com.mx\/tbla\/wp-json\/wp\/v2\/users\/1"}],"replies":[{"embeddable":true,"href":"https:\/\/mejoraburo.com.mx\/tbla\/wp-json\/wp\/v2\/comments?post=2053"}],"version-history":[{"count":2,"href":"https:\/\/mejoraburo.com.mx\/tbla\/wp-json\/wp\/v2\/pages\/2053\/revisions"}],"predecessor-version":[{"id":2989,"href":"https:\/\/mejoraburo.com.mx\/tbla\/wp-json\/wp\/v2\/pages\/2053\/revisions\/2989"}],"wp:attachment":[{"href":"https:\/\/mejoraburo.com.mx\/tbla\/wp-json\/wp\/v2\/media?parent=2053"}],"curies":[{"name":"wp","href":"https:\/\/api.w.org\/{rel}","templated":true}]}}